{"id":110,"date":"2019-11-26T12:22:54","date_gmt":"2019-11-26T12:22:54","guid":{"rendered":"https:\/\/demosites.io\/blogger-gb\/?page_id=5"},"modified":"2024-11-10T19:02:12","modified_gmt":"2024-11-10T19:02:12","slug":"582c1-blogger-gb-home","status":"publish","type":"page","link":"https:\/\/pethistorytracker.com\/blog-es\/","title":{"rendered":"Inicio"},"content":{"rendered":"\n<div id=\"wp-block-themeisle-blocks-advanced-columns-e5e06ebd\" class=\"wp-block-themeisle-blocks-advanced-columns has-2-columns has-desktop-equal-layout has-tablet-equal-layout has-mobile-twoOne-layout has-vertical-unset\"><div class=\"wp-block-themeisle-blocks-advanced-columns-overlay\"><\/div><div class=\"innerblocks-wrap\">\n<div id=\"wp-block-themeisle-blocks-advanced-column-faefdc1c\" class=\"wp-block-themeisle-blocks-advanced-column ticss-262bb66b\"><\/div>\n\n\n\n<div id=\"wp-block-themeisle-blocks-advanced-column-101a17aa\" class=\"wp-block-themeisle-blocks-advanced-column\">\n<p id=\"wp-block-themeisle-blocks-advanced-heading-cb8c227d\" class=\"wp-block-themeisle-blocks-advanced-heading wp-block-themeisle-blocks-advanced-heading-cb8c227d\"><strong>De Colombia para el mundo<\/strong><\/p>\n\n\n\n<h1 class=\"wp-block-heading has-text-align-left ticss-323b0dc0\">Nuestro Blog Para ti<\/h1>\n<\/div>\n<\/div><\/div>\n\n\n\n<div id=\"wp-block-themeisle-blocks-advanced-columns-b320f813\" class=\"wp-block-themeisle-blocks-advanced-columns has-3-columns has-desktop-equal-layout has-tablet-equal-layout has-mobile-collapsedRows-layout has-vertical-unset\"><div class=\"wp-block-themeisle-blocks-advanced-columns-overlay\"><\/div><div class=\"innerblocks-wrap\">\n<div id=\"wp-block-themeisle-blocks-advanced-column-42182f0d\" class=\"wp-block-themeisle-blocks-advanced-column\">\n<h3 class=\"wp-block-heading\">Publicaciones De Nuestro Blog<\/h3>\n\n\n\n<p>Aqu\u00ed encontrar\u00e1s nuestras \u00faltimas actualizaciones e informaci\u00f3n sobre mascotas, junto con novedades sobre todo nuestro proyecto en Am\u00e9rica Latina.<\/p>\n<\/div>\n\n\n\n<div id=\"wp-block-themeisle-blocks-advanced-column-cd359245\" class=\"wp-block-themeisle-blocks-advanced-column\">\n<h3 class=\"wp-block-heading\">Nuestros Servicios<\/h3>\n\n\n\n<p>Somos Pet History Tracker, una plataforma dedicada al bienestar de las mascotas. Ofrecemos herramientas esenciales tanto para veterinarios como para due\u00f1os de mascotas, facilitando un mejor cuidado y seguimiento de la salud de sus compa\u00f1eros.<\/p>\n<\/div>\n\n\n\n<div id=\"wp-block-themeisle-blocks-advanced-column-9a9f49aa\" class=\"wp-block-themeisle-blocks-advanced-column\">\n<h3 class=\"wp-block-heading\">Inspiraci\u00f3n <\/h3>\n\n\n\n<p>No queremos que ninguna otra mascota sufra como Kenai por falta de informaci\u00f3n m\u00e9dica accesible. Por eso, creamos esta herramienta: para asegurar que cada veterinario tenga acceso al historial completo de cada mascota.<\/p>\n<\/div>\n<\/div><\/div>\n\n\n\n<div id=\"wp-block-themeisle-blocks-advanced-columns-5a83b79b\" class=\"wp-block-themeisle-blocks-advanced-columns alignfull has-2-columns has-desktop-equal-layout has-tablet-equal-layout has-mobile-collapsedRows-layout has-vertical-center has-dark-bg\"><div class=\"wp-block-themeisle-blocks-advanced-columns-overlay\"><\/div><div class=\"innerblocks-wrap\">\n<div id=\"wp-block-themeisle-blocks-advanced-column-02495679\" class=\"wp-block-themeisle-blocks-advanced-column ticss-48ef8f35\">\n<p id=\"wp-block-themeisle-blocks-advanced-heading-a67260d8\" class=\"wp-block-themeisle-blocks-advanced-heading wp-block-themeisle-blocks-advanced-heading-a67260d8\"><strong>qUIEN ES<\/strong><\/p>\n\n\n\n<h2 class=\"wp-block-heading has-nv-text-dark-bg-color has-text-color\">KENAI<\/h2>\n\n\n\n<p class=\"has-nv-text-dark-bg-color has-text-color\">Soy Kenai, un Pastor Belga lleno de energ\u00eda y lealtad. Desde cachorro fui entrenado para proteger a mi humano, Arnol Saavedra. \u00c9l siempre quiso lo mejor para m\u00ed, pero por falta de acceso a mi historial m\u00e9dico, un tratamiento incorrecto afect\u00f3 mi salud.<\/p>\n\n\n\n<p class=\"has-nv-text-dark-bg-color has-text-color\">Mi historia inspir\u00f3 a Arnol a crear Pet History Tracker, para que ninguna otra mascota tenga que pasar por algo as\u00ed. Esta plataforma facilita que veterinarios y due\u00f1os tengan toda la informaci\u00f3n m\u00e9dica al alcance, ayudando a que recibamos el cuidado adecuado. Si eres due\u00f1o o veterinario, \u00fanete a Pet History Tracker y ay\u00fadanos a tener vidas m\u00e1s sanas y felices..<\/p>\n\n\n\n<p class=\"wp-block-themeisle-blocks-advanced-heading wp-block-themeisle-blocks-advanced-heading-291a439a has-white-color has-text-color\"><a href=\"https:\/\/www.instagram.com\/p\/C9k9dUOSrgj\/?utm_source=ig_web_copy_link&amp;igsh=MzRlODBiNWFlZA==\">Ver m\u00e1s<\/a><\/p>\n<\/div>\n\n\n\n<div id=\"wp-block-themeisle-blocks-advanced-column-67e16009\" class=\"wp-block-themeisle-blocks-advanced-column ticss-5418d6a3\">\n<figure class=\"wp-block-image size-full is-style-rounded wp-duotone-unset-1\"><img loading=\"lazy\" decoding=\"async\" width=\"500\" height=\"632\" src=\"https:\/\/pethistorytracker.com\/blog-es\/wp-content\/uploads\/2024\/11\/Sin-titulo-1.jpg\" alt=\"\" class=\"wp-image-132\" srcset=\"https:\/\/pethistorytracker.com\/blog-es\/wp-content\/uploads\/2024\/11\/Sin-titulo-1.jpg 500w, https:\/\/pethistorytracker.com\/blog-es\/wp-content\/uploads\/2024\/11\/Sin-titulo-1-237x300.jpg 237w\" sizes=\"auto, (max-width: 500px) 100vw, 500px\" \/><figcaption class=\"wp-element-caption\">Kenai<\/figcaption><\/figure>\n<\/div>\n<\/div><\/div>\n\n\n\n<div id=\"wp-block-themeisle-blocks-advanced-columns-194b2b21\" class=\"wp-block-themeisle-blocks-advanced-columns alignfull has-1-columns has-desktop-equal-layout has-tablet-equal-layout has-mobile-equal-layout has-vertical-unset has-light-bg\"><div class=\"wp-block-themeisle-blocks-advanced-columns-overlay\"><\/div><div class=\"innerblocks-wrap\">\n<div id=\"wp-block-themeisle-blocks-advanced-column-204c7024\" class=\"wp-block-themeisle-blocks-advanced-column\">\n<p id=\"wp-block-themeisle-blocks-advanced-heading-a6bbd4ea\" class=\"wp-block-themeisle-blocks-advanced-heading wp-block-themeisle-blocks-advanced-heading-a6bbd4ea\"><strong>Sobre nuestros post<\/strong><\/p>\n\n\n\n<h2 id=\"wp-block-themeisle-blocks-advanced-heading-2ec13e75\" class=\"wp-block-themeisle-blocks-advanced-heading wp-block-themeisle-blocks-advanced-heading-2ec13e75\">Nuestros Temas<\/h2>\n\n\n\n<div id=\"wp-block-themeisle-blocks-advanced-columns-33738250\" class=\"wp-block-themeisle-blocks-advanced-columns has-3-columns has-desktop-equal-layout has-tablet-equal-layout has-mobile-collapsedRows-layout has-vertical-unset\"><div class=\"wp-block-themeisle-blocks-advanced-columns-overlay\"><\/div><div class=\"innerblocks-wrap\">\n<div id=\"wp-block-themeisle-blocks-advanced-column-c4c3925f\" class=\"wp-block-themeisle-blocks-advanced-column\">\n<figure class=\"wp-block-image size-full\"><img loading=\"lazy\" decoding=\"async\" width=\"500\" height=\"750\" src=\"https:\/\/pethistorytracker.com\/blog-es\/wp-content\/uploads\/2024\/11\/Sin-titulo-1-1.jpg\" alt=\"\" class=\"wp-image-143\" srcset=\"https:\/\/pethistorytracker.com\/blog-es\/wp-content\/uploads\/2024\/11\/Sin-titulo-1-1.jpg 500w, https:\/\/pethistorytracker.com\/blog-es\/wp-content\/uploads\/2024\/11\/Sin-titulo-1-1-200x300.jpg 200w\" sizes=\"auto, (max-width: 500px) 100vw, 500px\" \/><\/figure>\n\n\n\n<div style=\"height:16px\" aria-hidden=\"true\" class=\"wp-block-spacer\"><\/div>\n\n\n\n<h3 class=\"wp-block-heading\">Aliados<\/h3>\n\n\n\n<p id=\"wp-block-themeisle-blocks-advanced-heading-741fa943\" class=\"wp-block-themeisle-blocks-advanced-heading wp-block-themeisle-blocks-advanced-heading-741fa943\"><strong><a href=\"https:\/\/pethistorytracker.com\/blog-es\/blogger-gb-news\/\">View Posts<\/a><\/strong><\/p>\n<\/div>\n\n\n\n<div id=\"wp-block-themeisle-blocks-advanced-column-2fac3b7a\" class=\"wp-block-themeisle-blocks-advanced-column\">\n<figure class=\"wp-block-image size-full\"><img loading=\"lazy\" decoding=\"async\" width=\"500\" height=\"750\" src=\"https:\/\/pethistorytracker.com\/blog-es\/wp-content\/uploads\/2024\/11\/ezgif-5-913c1d9192.gif\" alt=\"\" class=\"wp-image-146\"\/><\/figure>\n\n\n\n<div style=\"height:16px\" aria-hidden=\"true\" class=\"wp-block-spacer\"><\/div>\n\n\n\n<h3 class=\"wp-block-heading\">Mascotas<\/h3>\n\n\n\n<p id=\"wp-block-themeisle-blocks-advanced-heading-8e5023f8\" class=\"wp-block-themeisle-blocks-advanced-heading wp-block-themeisle-blocks-advanced-heading-8e5023f8\"><strong><a href=\"https:\/\/pethistorytracker.com\/blog-es\/blogger-gb-news\/\">View PoSTS<\/a><\/strong><\/p>\n<\/div>\n\n\n\n<div id=\"wp-block-themeisle-blocks-advanced-column-dcbf27d1\" class=\"wp-block-themeisle-blocks-advanced-column\">\n<figure class=\"wp-block-image size-full\"><img loading=\"lazy\" decoding=\"async\" width=\"500\" height=\"750\" src=\"https:\/\/pethistorytracker.com\/blog-es\/wp-content\/uploads\/2024\/11\/Animado-ezgif.com-video-to-gif-converter.gif\" alt=\"\" class=\"wp-image-148\"\/><\/figure>\n\n\n\n<div style=\"height:16px\" aria-hidden=\"true\" class=\"wp-block-spacer\"><\/div>\n\n\n\n<h3 class=\"wp-block-heading\">General<\/h3>\n\n\n\n<p id=\"wp-block-themeisle-blocks-advanced-heading-c6f25443\" class=\"wp-block-themeisle-blocks-advanced-heading wp-block-themeisle-blocks-advanced-heading-c6f25443\"><strong><a href=\"https:\/\/pethistorytracker.com\/blog-es\/blogger-gb-news\/\">View Posts<\/a><\/strong><\/p>\n<\/div>\n<\/div><\/div>\n<\/div>\n<\/div><\/div>\n\n\n\n<div id=\"wp-block-themeisle-blocks-advanced-columns-6f11e740\" class=\"wp-block-themeisle-blocks-advanced-columns alignfull has-1-columns has-desktop-equal-layout has-tablet-equal-layout has-mobile-equal-layout has-vertical-unset\"><div class=\"wp-block-themeisle-blocks-advanced-columns-overlay\"><\/div><div class=\"innerblocks-wrap\">\n<div id=\"wp-block-themeisle-blocks-advanced-column-085d763a\" class=\"wp-block-themeisle-blocks-advanced-column\">\n<p id=\"wp-block-themeisle-blocks-advanced-heading-a38d6050\" class=\"wp-block-themeisle-blocks-advanced-heading wp-block-themeisle-blocks-advanced-heading-a38d6050\"><strong>Redes sociales Pet history tracker<\/strong><\/p>\n\n\n\n<h2 id=\"wp-block-themeisle-blocks-advanced-heading-4e96de44\" class=\"wp-block-themeisle-blocks-advanced-heading wp-block-themeisle-blocks-advanced-heading-4e96de44\">S\u00edguenos Para Que Estes Informado<\/h2>\n\n\n\n<p class=\"has-text-align-center\" style=\"font-size:22px\">S\u00edgueme en las redes sociales y no te pierdas ninguna publicaci\u00f3n de este blog. Solo contenido sobre mascotas, compartidas diariamente en las redes sociales.<\/p>\n\n\n\n<div style=\"height:40px\" aria-hidden=\"true\" class=\"wp-block-spacer\"><\/div>\n\n\n\n<ul class=\"wp-block-social-links has-large-icon-size has-icon-color has-icon-background-color items-justified-center is-style-default is-content-justification-center is-layout-flex wp-container-core-social-links-is-layout-16018d1d wp-block-social-links-is-layout-flex\"><li style=\"color: var(--nv-text-dark-bg); background-color: var(--nv-dark-bg); \" class=\"wp-social-link wp-social-link-instagram has-nv-text-dark-bg-color wp-block-social-link\"><a rel=\"noopener nofollow\" target=\"_blank\" href=\"https:\/\/www.instagram.com\/pethistorytracker\/\" class=\"wp-block-social-link-anchor\"><svg width=\"24\" height=\"24\" viewBox=\"0 0 24 24\" version=\"1.1\" xmlns=\"http:\/\/www.w3.org\/2000\/svg\" aria-hidden=\"true\" focusable=\"false\"><path d=\"M12,4.622c2.403,0,2.688,0.009,3.637,0.052c0.877,0.04,1.354,0.187,1.671,0.31c0.42,0.163,0.72,0.358,1.035,0.673 c0.315,0.315,0.51,0.615,0.673,1.035c0.123,0.317,0.27,0.794,0.31,1.671c0.043,0.949,0.052,1.234,0.052,3.637 s-0.009,2.688-0.052,3.637c-0.04,0.877-0.187,1.354-0.31,1.671c-0.163,0.42-0.358,0.72-0.673,1.035 c-0.315,0.315-0.615,0.51-1.035,0.673c-0.317,0.123-0.794,0.27-1.671,0.31c-0.949,0.043-1.233,0.052-3.637,0.052 s-2.688-0.009-3.637-0.052c-0.877-0.04-1.354-0.187-1.671-0.31c-0.42-0.163-0.72-0.358-1.035-0.673 c-0.315-0.315-0.51-0.615-0.673-1.035c-0.123-0.317-0.27-0.794-0.31-1.671C4.631,14.688,4.622,14.403,4.622,12 s0.009-2.688,0.052-3.637c0.04-0.877,0.187-1.354,0.31-1.671c0.163-0.42,0.358-0.72,0.673-1.035 c0.315-0.315,0.615-0.51,1.035-0.673c0.317-0.123,0.794-0.27,1.671-0.31C9.312,4.631,9.597,4.622,12,4.622 M12,3 C9.556,3,9.249,3.01,8.289,3.054C7.331,3.098,6.677,3.25,6.105,3.472C5.513,3.702,5.011,4.01,4.511,4.511 c-0.5,0.5-0.808,1.002-1.038,1.594C3.25,6.677,3.098,7.331,3.054,8.289C3.01,9.249,3,9.556,3,12c0,2.444,0.01,2.751,0.054,3.711 c0.044,0.958,0.196,1.612,0.418,2.185c0.23,0.592,0.538,1.094,1.038,1.594c0.5,0.5,1.002,0.808,1.594,1.038 c0.572,0.222,1.227,0.375,2.185,0.418C9.249,20.99,9.556,21,12,21s2.751-0.01,3.711-0.054c0.958-0.044,1.612-0.196,2.185-0.418 c0.592-0.23,1.094-0.538,1.594-1.038c0.5-0.5,0.808-1.002,1.038-1.594c0.222-0.572,0.375-1.227,0.418-2.185 C20.99,14.751,21,14.444,21,12s-0.01-2.751-0.054-3.711c-0.044-0.958-0.196-1.612-0.418-2.185c-0.23-0.592-0.538-1.094-1.038-1.594 c-0.5-0.5-1.002-0.808-1.594-1.038c-0.572-0.222-1.227-0.375-2.185-0.418C14.751,3.01,14.444,3,12,3L12,3z M12,7.378 c-2.552,0-4.622,2.069-4.622,4.622S9.448,16.622,12,16.622s4.622-2.069,4.622-4.622S14.552,7.378,12,7.378z M12,15 c-1.657,0-3-1.343-3-3s1.343-3,3-3s3,1.343,3,3S13.657,15,12,15z M16.804,6.116c-0.596,0-1.08,0.484-1.08,1.08 s0.484,1.08,1.08,1.08c0.596,0,1.08-0.484,1.08-1.08S17.401,6.116,16.804,6.116z\"><\/path><\/svg><span class=\"wp-block-social-link-label screen-reader-text\">Instagram<\/span><\/a><\/li>\n\n<li style=\"color: var(--nv-text-dark-bg); background-color: var(--nv-dark-bg); \" class=\"wp-social-link wp-social-link-tiktok has-nv-text-dark-bg-color wp-block-social-link\"><a rel=\"noopener nofollow\" target=\"_blank\" href=\"https:\/\/www.tiktok.com\/@pethistorytracker\" class=\"wp-block-social-link-anchor\"><svg width=\"24\" height=\"24\" viewBox=\"0 0 32 32\" version=\"1.1\" xmlns=\"http:\/\/www.w3.org\/2000\/svg\" aria-hidden=\"true\" focusable=\"false\"><path d=\"M16.708 0.027c1.745-0.027 3.48-0.011 5.213-0.027 0.105 2.041 0.839 4.12 2.333 5.563 1.491 1.479 3.6 2.156 5.652 2.385v5.369c-1.923-0.063-3.855-0.463-5.6-1.291-0.76-0.344-1.468-0.787-2.161-1.24-0.009 3.896 0.016 7.787-0.025 11.667-0.104 1.864-0.719 3.719-1.803 5.255-1.744 2.557-4.771 4.224-7.88 4.276-1.907 0.109-3.812-0.411-5.437-1.369-2.693-1.588-4.588-4.495-4.864-7.615-0.032-0.667-0.043-1.333-0.016-1.984 0.24-2.537 1.495-4.964 3.443-6.615 2.208-1.923 5.301-2.839 8.197-2.297 0.027 1.975-0.052 3.948-0.052 5.923-1.323-0.428-2.869-0.308-4.025 0.495-0.844 0.547-1.485 1.385-1.819 2.333-0.276 0.676-0.197 1.427-0.181 2.145 0.317 2.188 2.421 4.027 4.667 3.828 1.489-0.016 2.916-0.88 3.692-2.145 0.251-0.443 0.532-0.896 0.547-1.417 0.131-2.385 0.079-4.76 0.095-7.145 0.011-5.375-0.016-10.735 0.025-16.093z\" \/><\/svg><span class=\"wp-block-social-link-label screen-reader-text\">TikTok<\/span><\/a><\/li>\n\n<li style=\"color: var(--nv-text-dark-bg); background-color: var(--nv-dark-bg); \" class=\"wp-social-link wp-social-link-whatsapp has-nv-text-dark-bg-color wp-block-social-link\"><a rel=\"noopener nofollow\" target=\"_blank\" href=\"https:\/\/wa.me\/+573142551450\" class=\"wp-block-social-link-anchor\"><svg width=\"24\" height=\"24\" viewBox=\"0 0 24 24\" version=\"1.1\" xmlns=\"http:\/\/www.w3.org\/2000\/svg\" aria-hidden=\"true\" focusable=\"false\"><path d=\"M 12.011719 2 C 6.5057187 2 2.0234844 6.478375 2.0214844 11.984375 C 2.0204844 13.744375 2.4814687 15.462563 3.3554688 16.976562 L 2 22 L 7.2324219 20.763672 C 8.6914219 21.559672 10.333859 21.977516 12.005859 21.978516 L 12.009766 21.978516 C 17.514766 21.978516 21.995047 17.499141 21.998047 11.994141 C 22.000047 9.3251406 20.962172 6.8157344 19.076172 4.9277344 C 17.190172 3.0407344 14.683719 2.001 12.011719 2 z M 12.009766 4 C 14.145766 4.001 16.153109 4.8337969 17.662109 6.3417969 C 19.171109 7.8517969 20.000047 9.8581875 19.998047 11.992188 C 19.996047 16.396187 16.413812 19.978516 12.007812 19.978516 C 10.674812 19.977516 9.3544062 19.642812 8.1914062 19.007812 L 7.5175781 18.640625 L 6.7734375 18.816406 L 4.8046875 19.28125 L 5.2851562 17.496094 L 5.5019531 16.695312 L 5.0878906 15.976562 C 4.3898906 14.768562 4.0204844 13.387375 4.0214844 11.984375 C 4.0234844 7.582375 7.6067656 4 12.009766 4 z M 8.4765625 7.375 C 8.3095625 7.375 8.0395469 7.4375 7.8105469 7.6875 C 7.5815469 7.9365 6.9355469 8.5395781 6.9355469 9.7675781 C 6.9355469 10.995578 7.8300781 12.182609 7.9550781 12.349609 C 8.0790781 12.515609 9.68175 15.115234 12.21875 16.115234 C 14.32675 16.946234 14.754891 16.782234 15.212891 16.740234 C 15.670891 16.699234 16.690438 16.137687 16.898438 15.554688 C 17.106437 14.971687 17.106922 14.470187 17.044922 14.367188 C 16.982922 14.263188 16.816406 14.201172 16.566406 14.076172 C 16.317406 13.951172 15.090328 13.348625 14.861328 13.265625 C 14.632328 13.182625 14.464828 13.140625 14.298828 13.390625 C 14.132828 13.640625 13.655766 14.201187 13.509766 14.367188 C 13.363766 14.534188 13.21875 14.556641 12.96875 14.431641 C 12.71875 14.305641 11.914938 14.041406 10.960938 13.191406 C 10.218937 12.530406 9.7182656 11.714844 9.5722656 11.464844 C 9.4272656 11.215844 9.5585938 11.079078 9.6835938 10.955078 C 9.7955938 10.843078 9.9316406 10.663578 10.056641 10.517578 C 10.180641 10.371578 10.223641 10.267562 10.306641 10.101562 C 10.389641 9.9355625 10.347156 9.7890625 10.285156 9.6640625 C 10.223156 9.5390625 9.737625 8.3065 9.515625 7.8125 C 9.328625 7.3975 9.131125 7.3878594 8.953125 7.3808594 C 8.808125 7.3748594 8.6425625 7.375 8.4765625 7.375 z\"><\/path><\/svg><span class=\"wp-block-social-link-label screen-reader-text\">WhatsApp<\/span><\/a><\/li>\n\n<li style=\"color: var(--nv-text-dark-bg); background-color: var(--nv-dark-bg); \" class=\"wp-social-link wp-social-link-facebook has-nv-text-dark-bg-color wp-block-social-link\"><a rel=\"noopener nofollow\" target=\"_blank\" href=\"https:\/\/www.facebook.com\/PetHistoryco\" class=\"wp-block-social-link-anchor\"><svg width=\"24\" height=\"24\" viewBox=\"0 0 24 24\" version=\"1.1\" xmlns=\"http:\/\/www.w3.org\/2000\/svg\" aria-hidden=\"true\" focusable=\"false\"><path d=\"M12 2C6.5 2 2 6.5 2 12c0 5 3.7 9.1 8.4 9.9v-7H7.9V12h2.5V9.8c0-2.5 1.5-3.9 3.8-3.9 1.1 0 2.2.2 2.2.2v2.5h-1.3c-1.2 0-1.6.8-1.6 1.6V12h2.8l-.4 2.9h-2.3v7C18.3 21.1 22 17 22 12c0-5.5-4.5-10-10-10z\"><\/path><\/svg><span class=\"wp-block-social-link-label screen-reader-text\">Facebook<\/span><\/a><\/li><\/ul>\n<\/div>\n<\/div><\/div>\n\n\n\n<div id=\"wp-block-themeisle-blocks-advanced-columns-6a564611\" class=\"wp-block-themeisle-blocks-advanced-columns alignfull has-4-columns has-desktop-equal-layout has-tablet-equal-layout has-mobile-collapsedRows-layout has-vertical-unset\"><div class=\"wp-block-themeisle-blocks-advanced-columns-overlay\"><\/div><div class=\"innerblocks-wrap\">\n<div id=\"wp-block-themeisle-blocks-advanced-column-374d5d80\" class=\"wp-block-themeisle-blocks-advanced-column ticss-0e1467b8\">\n<div class=\"wp-block-cover aligncenter is-light\" style=\"min-height:600px;aspect-ratio:unset;\"><span aria-hidden=\"true\" class=\"wp-block-cover__background has-background-dim-0 has-background-dim\"><\/span><img loading=\"lazy\" decoding=\"async\" width=\"1080\" height=\"1920\" class=\"wp-block-cover__image-background wp-image-134\" alt=\"\" src=\"https:\/\/pethistorytracker.com\/blog-es\/wp-content\/uploads\/2024\/11\/8-1.png\" style=\"object-position:52% 9%\" data-object-fit=\"cover\" data-object-position=\"52% 9%\" srcset=\"https:\/\/pethistorytracker.com\/blog-es\/wp-content\/uploads\/2024\/11\/8-1.png 1080w, https:\/\/pethistorytracker.com\/blog-es\/wp-content\/uploads\/2024\/11\/8-1-169x300.png 169w, https:\/\/pethistorytracker.com\/blog-es\/wp-content\/uploads\/2024\/11\/8-1-576x1024.png 576w, https:\/\/pethistorytracker.com\/blog-es\/wp-content\/uploads\/2024\/11\/8-1-768x1365.png 768w, https:\/\/pethistorytracker.com\/blog-es\/wp-content\/uploads\/2024\/11\/8-1-864x1536.png 864w\" sizes=\"auto, (max-width: 1080px) 100vw, 1080px\" \/><div class=\"wp-block-cover__inner-container is-layout-flow wp-block-cover-is-layout-flow\">\n<p class=\"has-text-align-center has-large-font-size\"><\/p>\n<\/div><\/div>\n<\/div>\n\n\n\n<div id=\"wp-block-themeisle-blocks-advanced-column-329f066d\" class=\"wp-block-themeisle-blocks-advanced-column\">\n<div class=\"wp-block-cover aligncenter ticss-adf356bf\" style=\"min-height:600px;aspect-ratio:unset;\"><span aria-hidden=\"true\" class=\"wp-block-cover__background has-background-dim-0 has-background-dim\" style=\"background-color:#75787b\"><\/span><img loading=\"lazy\" decoding=\"async\" width=\"1080\" height=\"1920\" class=\"wp-block-cover__image-background wp-image-135\" alt=\"\" src=\"https:\/\/pethistorytracker.com\/blog-es\/wp-content\/uploads\/2024\/11\/5.png\" style=\"object-position:49% 79%\" data-object-fit=\"cover\" data-object-position=\"49% 79%\" srcset=\"https:\/\/pethistorytracker.com\/blog-es\/wp-content\/uploads\/2024\/11\/5.png 1080w, https:\/\/pethistorytracker.com\/blog-es\/wp-content\/uploads\/2024\/11\/5-169x300.png 169w, https:\/\/pethistorytracker.com\/blog-es\/wp-content\/uploads\/2024\/11\/5-576x1024.png 576w, https:\/\/pethistorytracker.com\/blog-es\/wp-content\/uploads\/2024\/11\/5-768x1365.png 768w, https:\/\/pethistorytracker.com\/blog-es\/wp-content\/uploads\/2024\/11\/5-864x1536.png 864w\" sizes=\"auto, (max-width: 1080px) 100vw, 1080px\" \/><div class=\"wp-block-cover__inner-container is-layout-flow wp-block-cover-is-layout-flow\">\n<p class=\"has-text-align-center has-large-font-size\"><\/p>\n<\/div><\/div>\n<\/div>\n\n\n\n<div id=\"wp-block-themeisle-blocks-advanced-column-a131c8d8\" class=\"wp-block-themeisle-blocks-advanced-column\">\n<div class=\"wp-block-cover aligncenter is-light ticss-adf356bf\" style=\"min-height:600px;aspect-ratio:unset;\"><span aria-hidden=\"true\" class=\"wp-block-cover__background has-background-dim-0 has-background-dim\" style=\"background-color:#b09d93\"><\/span><img loading=\"lazy\" decoding=\"async\" width=\"1080\" height=\"1920\" class=\"wp-block-cover__image-background wp-image-136\" alt=\"\" src=\"https:\/\/pethistorytracker.com\/blog-es\/wp-content\/uploads\/2024\/11\/9.png\" style=\"object-position:13% 2%\" data-object-fit=\"cover\" data-object-position=\"13% 2%\" srcset=\"https:\/\/pethistorytracker.com\/blog-es\/wp-content\/uploads\/2024\/11\/9.png 1080w, https:\/\/pethistorytracker.com\/blog-es\/wp-content\/uploads\/2024\/11\/9-169x300.png 169w, https:\/\/pethistorytracker.com\/blog-es\/wp-content\/uploads\/2024\/11\/9-576x1024.png 576w, https:\/\/pethistorytracker.com\/blog-es\/wp-content\/uploads\/2024\/11\/9-768x1365.png 768w, https:\/\/pethistorytracker.com\/blog-es\/wp-content\/uploads\/2024\/11\/9-864x1536.png 864w\" sizes=\"auto, (max-width: 1080px) 100vw, 1080px\" \/><div class=\"wp-block-cover__inner-container is-layout-flow wp-block-cover-is-layout-flow\">\n<p class=\"has-text-align-center has-large-font-size\"><\/p>\n<\/div><\/div>\n<\/div>\n\n\n\n<div id=\"wp-block-themeisle-blocks-advanced-column-b20eafeb\" class=\"wp-block-themeisle-blocks-advanced-column\">\n<div class=\"wp-block-cover aligncenter is-light ticss-adf356bf\" style=\"min-height:600px;aspect-ratio:unset;\"><span aria-hidden=\"true\" class=\"wp-block-cover__background has-background-dim-0 has-background-dim\" style=\"background-color:#65b87f\"><\/span><img loading=\"lazy\" decoding=\"async\" width=\"1080\" height=\"1920\" class=\"wp-block-cover__image-background wp-image-137\" alt=\"\" src=\"https:\/\/pethistorytracker.com\/blog-es\/wp-content\/uploads\/2024\/11\/8.png\" style=\"object-position:54% 68%\" data-object-fit=\"cover\" data-object-position=\"54% 68%\" srcset=\"https:\/\/pethistorytracker.com\/blog-es\/wp-content\/uploads\/2024\/11\/8.png 1080w, https:\/\/pethistorytracker.com\/blog-es\/wp-content\/uploads\/2024\/11\/8-169x300.png 169w, https:\/\/pethistorytracker.com\/blog-es\/wp-content\/uploads\/2024\/11\/8-576x1024.png 576w, https:\/\/pethistorytracker.com\/blog-es\/wp-content\/uploads\/2024\/11\/8-768x1365.png 768w, https:\/\/pethistorytracker.com\/blog-es\/wp-content\/uploads\/2024\/11\/8-864x1536.png 864w\" sizes=\"auto, (max-width: 1080px) 100vw, 1080px\" \/><div class=\"wp-block-cover__inner-container is-layout-flow wp-block-cover-is-layout-flow\">\n<p class=\"has-text-align-center has-large-font-size\"><\/p>\n<\/div><\/div>\n<\/div>\n<\/div><\/div>\n","protected":false},"excerpt":{"rendered":"","protected":false},"author":1,"featured_media":0,"parent":0,"menu_order":0,"comment_status":"closed","ping_status":"closed","template":"page-templates\/template-pagebuilder-full-width.php","meta":{"neve_meta_sidebar":"full-width","neve_meta_container":"","neve_meta_enable_content_width":"on","neve_meta_content_width":100,"neve_meta_title_alignment":"","neve_meta_author_avatar":"","neve_post_elements_order":"","neve_meta_disable_header":"","neve_meta_disable_footer":"","neve_meta_disable_title":"on","_themeisle_gutenberg_block_has_review":false,"_ti_tpc_template_sync":false,"_ti_tpc_template_id":"2esgfkx943akp7iqac7c","footnotes":""},"class_list":["post-110","page","type-page","status-publish","hentry"],"_links":{"self":[{"href":"https:\/\/pethistorytracker.com\/blog-es\/wp-json\/wp\/v2\/pages\/110","targetHints":{"allow":["GET"]}}],"collection":[{"href":"https:\/\/pethistorytracker.com\/blog-es\/wp-json\/wp\/v2\/pages"}],"about":[{"href":"https:\/\/pethistorytracker.com\/blog-es\/wp-json\/wp\/v2\/types\/page"}],"author":[{"embeddable":true,"href":"https:\/\/pethistorytracker.com\/blog-es\/wp-json\/wp\/v2\/users\/1"}],"replies":[{"embeddable":true,"href":"https:\/\/pethistorytracker.com\/blog-es\/wp-json\/wp\/v2\/comments?post=110"}],"version-history":[{"count":9,"href":"https:\/\/pethistorytracker.com\/blog-es\/wp-json\/wp\/v2\/pages\/110\/revisions"}],"predecessor-version":[{"id":205,"href":"https:\/\/pethistorytracker.com\/blog-es\/wp-json\/wp\/v2\/pages\/110\/revisions\/205"}],"wp:attachment":[{"href":"https:\/\/pethistorytracker.com\/blog-es\/wp-json\/wp\/v2\/media?parent=110"}],"curies":[{"name":"wp","href":"https:\/\/api.w.org\/{rel}","templated":true}]}}